{"id":2004,"date":"2023-09-24T12:07:33","date_gmt":"2023-09-24T10:07:33","guid":{"rendered":"https:\/\/www.fotoandnet.de\/wp\/?page_id=2004"},"modified":"2023-09-27T15:19:25","modified_gmt":"2023-09-27T13:19:25","slug":"proxmox","status":"publish","type":"page","link":"http:\/\/www.fotoandnet.de\/wp\/?page_id=2004","title":{"rendered":"Proxmox"},"content":{"rendered":"\n<p>Bisher hatte ich meine Services hier zu Hause immer auf einzelnen Intel NUCs oder \u00e4hnlichen untergebracht. Das ist nat\u00fcrlich keine saubere Nutzung von CPU\/Memory Ressourcen. In der letzten Woche (Juni\/2023) habe ich mir auf Youtube (<a href=\"https:\/\/youtu.be\/4F8HD3qZsjg?si=eEAeWjrxI5UMoV3H\">URL<\/a>) viel \u00fcber Proxmox angesehen und habe einen von den herum stehenden Intel NUCs mal testweise mit Proxmox VE 8.0 aufgesetzt. Die LXC und VM Virtualisierung \u00fcber Proxmox geht so gut, dass ich St\u00fcck f\u00fcr St\u00fcck von Baremetal auf Virtualisierung mittels Proxmox umstellen werde.<\/p>\n\n\n\n<p>Diese Gelegenheit nutze ich auch gleich um die Services auf den aktuellen Stand zu bringen, wenn vorhanden mittels der Images von <a href=\"https:\/\/www.turnkeylinux.org\/\">Turnkey<\/a> Linux. Es werden also Artikel \u00fcber den Einsatz von Proxmox auftauchen.<\/p>\n","protected":false},"excerpt":{"rendered":"<p>Bisher hatte ich meine Services hier zu Hause immer auf einzelnen Intel NUCs oder \u00e4hnlichen untergebracht. Das ist nat\u00fcrlich keine saubere Nutzung von CPU\/Memory Ressourcen. In der letzten Woche (Juni\/2023) habe ich mir auf&#46;&#46;&#46;<\/p>\n","protected":false},"author":1,"featured_media":0,"parent":0,"menu_order":0,"comment_status":"closed","ping_status":"closed","template":"","meta":{"footnotes":""},"class_list":["post-2004","page","type-page","status-publish","hentry"],"_links":{"self":[{"href":"http:\/\/www.fotoandnet.de\/wp\/index.php?rest_route=\/wp\/v2\/pages\/2004","targetHints":{"allow":["GET"]}}],"collection":[{"href":"http:\/\/www.fotoandnet.de\/wp\/index.php?rest_route=\/wp\/v2\/pages"}],"about":[{"href":"http:\/\/www.fotoandnet.de\/wp\/index.php?rest_route=\/wp\/v2\/types\/page"}],"author":[{"embeddable":true,"href":"http:\/\/www.fotoandnet.de\/wp\/index.php?rest_route=\/wp\/v2\/users\/1"}],"replies":[{"embeddable":true,"href":"http:\/\/www.fotoandnet.de\/wp\/index.php?rest_route=%2Fwp%2Fv2%2Fcomments&post=2004"}],"version-history":[{"count":2,"href":"http:\/\/www.fotoandnet.de\/wp\/index.php?rest_route=\/wp\/v2\/pages\/2004\/revisions"}],"predecessor-version":[{"id":2007,"href":"http:\/\/www.fotoandnet.de\/wp\/index.php?rest_route=\/wp\/v2\/pages\/2004\/revisions\/2007"}],"wp:attachment":[{"href":"http:\/\/www.fotoandnet.de\/wp\/index.php?rest_route=%2Fwp%2Fv2%2Fmedia&parent=2004"}],"curies":[{"name":"wp","href":"https:\/\/api.w.org\/{rel}","templated":true}]}}